{"id":14,"date":"2026-04-13T17:32:33","date_gmt":"2026-04-13T20:32:33","guid":{"rendered":"https:\/\/www.catalogo.joylacos.store\/?page_id=14"},"modified":"2026-04-13T18:42:59","modified_gmt":"2026-04-13T21:42:59","slug":"loja-2","status":"publish","type":"page","link":"https:\/\/www.catalogo.joylacos.store\/","title":{"rendered":"loja"},"content":{"rendered":"\t\t<div data-elementor-type=\"wp-page\" data-elementor-id=\"14\" class=\"elementor elementor-14\" data-elementor-post-type=\"page\">\n\t\t\t\t<div class=\"elementor-element elementor-element-8dcb5e2 e-flex e-con-boxed e-con e-parent\" data-id=\"8dcb5e2\" data-element_type=\"container\" data-e-type=\"container\">\n\t\t\t\t\t<div class=\"e-con-inner\">\n\t\t<div class=\"elementor-element elementor-element-79986cd e-con-full e-flex e-con e-child\" data-id=\"79986cd\" data-element_type=\"container\" data-e-type=\"container\">\n\t\t\t\t<div class=\"elementor-element elementor-element-49333d4 elementor-widget elementor-widget-image\" data-id=\"49333d4\" data-element_type=\"widget\" data-e-type=\"widget\" data-widget_type=\"image.default\">\n\t\t\t\t\t\t\t\t\t\t\t\t\t\t\t<img fetchpriority=\"high\" decoding=\"async\" width=\"300\" height=\"203\" src=\"https:\/\/www.catalogo.joylacos.store\/wp-content\/uploads\/2026\/04\/GNNBN-300x203-1.png\" class=\"attachment-large size-large wp-image-18\" alt=\"\" \/>\t\t\t\t\t\t\t\t\t\t\t\t\t\t\t<\/div>\n\t\t\t\t<\/div>\n\t\t<div class=\"elementor-element elementor-element-db9dae2 e-con-full e-flex e-con e-child\" data-id=\"db9dae2\" data-element_type=\"container\" data-e-type=\"container\">\n\t\t\t\t<div class=\"elementor-element elementor-element-82a9595 elementor-widget elementor-widget-search\" data-id=\"82a9595\" data-element_type=\"widget\" data-e-type=\"widget\" data-settings=\"{&quot;submit_trigger&quot;:&quot;click_submit&quot;,&quot;pagination_type_options&quot;:&quot;none&quot;}\" data-widget_type=\"search.default\">\n\t\t\t\t\t\t\t<search class=\"e-search hidden\" role=\"search\">\n\t\t\t<form class=\"e-search-form\" action=\"https:\/\/www.catalogo.joylacos.store\" method=\"get\">\n\n\t\t\t\t\n\t\t\t\t<label class=\"e-search-label\" for=\"search-82a9595\">\n\t\t\t\t\t<span class=\"elementor-screen-only\">\n\t\t\t\t\t\tSearch\t\t\t\t\t<\/span>\n\t\t\t\t\t\t\t\t\t<\/label>\n\n\t\t\t\t<div class=\"e-search-input-wrapper\">\n\t\t\t\t\t<input id=\"search-82a9595\" placeholder=\"Buscar Produtos...\" class=\"e-search-input\" type=\"search\" name=\"s\" value=\"\" autocomplete=\"off\" role=\"combobox\" aria-autocomplete=\"list\" aria-expanded=\"false\" aria-controls=\"results-82a9595\" aria-haspopup=\"listbox\">\n\t\t\t\t\t<svg aria-hidden=\"true\" class=\"e-font-icon-svg e-fas-times\" viewBox=\"0 0 352 512\" xmlns=\"http:\/\/www.w3.org\/2000\/svg\"><path d=\"M242.72 256l100.07-100.07c12.28-12.28 12.28-32.19 0-44.48l-22.24-22.24c-12.28-12.28-32.19-12.28-44.48 0L176 189.28 75.93 89.21c-12.28-12.28-32.19-12.28-44.48 0L9.21 111.45c-12.28 12.28-12.28 32.19 0 44.48L109.28 256 9.21 356.07c-12.28 12.28-12.28 32.19 0 44.48l22.24 22.24c12.28 12.28 32.2 12.28 44.48 0L176 322.72l100.07 100.07c12.28 12.28 32.2 12.28 44.48 0l22.24-22.24c12.28-12.28 12.28-32.19 0-44.48L242.72 256z\"><\/path><\/svg>\t\t\t\t\t\t\t\t\t\t<output id=\"results-82a9595\" class=\"e-search-results-container hide-loader\" aria-live=\"polite\" aria-atomic=\"true\" aria-label=\"Results for search\" tabindex=\"0\">\n\t\t\t\t\t\t<div class=\"e-search-results\"><\/div>\n\t\t\t\t\t\t\t\t\t\t\t<\/output>\n\t\t\t\t\t\t\t\t\t<\/div>\n\t\t\t\t\n\t\t\t\t\n\t\t\t\t<button class=\"e-search-submit  \" type=\"submit\" aria-label=\"Search\">\n\t\t\t\t\t<svg aria-hidden=\"true\" class=\"e-font-icon-svg e-fas-search\" viewBox=\"0 0 512 512\" xmlns=\"http:\/\/www.w3.org\/2000\/svg\"><path d=\"M505 442.7L405.3 343c-4.5-4.5-10.6-7-17-7H372c27.6-35.3 44-79.7 44-128C416 93.1 322.9 0 208 0S0 93.1 0 208s93.1 208 208 208c48.3 0 92.7-16.4 128-44v16.3c0 6.4 2.5 12.5 7 17l99.7 99.7c9.4 9.4 24.6 9.4 33.9 0l28.3-28.3c9.4-9.4 9.4-24.6.1-34zM208 336c-70.7 0-128-57.2-128-128 0-70.7 57.2-128 128-128 70.7 0 128 57.2 128 128 0 70.7-57.2 128-128 128z\"><\/path><\/svg>\n\t\t\t\t\t\t\t\t\t<\/button>\n\t\t\t\t<input type=\"hidden\" name=\"e_search_props\" value=\"82a9595-14\">\n\t\t\t<\/form>\n\t\t<\/search>\n\t\t\t\t\t\t<\/div>\n\t\t\t\t<\/div>\n\t\t\t\t\t<\/div>\n\t\t\t\t<\/div>\n\t\t<div class=\"elementor-element elementor-element-da192e8 e-flex e-con-boxed e-con e-parent\" data-id=\"da192e8\" data-element_type=\"container\" data-e-type=\"container\">\n\t\t\t\t\t<div class=\"e-con-inner\">\n\t\t\t\t\t\t\t<h2 \n\t\tdata-interaction-id=\"037f71e\" \n\t\tclass=\"e-037f71e-78202cc e-heading-base\" \n\t\t \n\t\tdata-e-type=\"widget\" data-id=\"037f71e\"\n\t>\n\t\n\t\t\tNossos Produtos \n\t\t<\/h2>\n\t\t\t\t\t<\/div>\n\t\t\t\t<\/div>\n\t\t<div class=\"elementor-element elementor-element-a9652d9 e-flex e-con-boxed e-con e-parent\" data-id=\"a9652d9\" data-element_type=\"container\" data-e-type=\"container\">\n\t\t\t\t\t<div class=\"e-con-inner\">\n\t\t\t\t<div class=\"elementor-element elementor-element-0b45ed7 elementor-grid-4 elementor-grid-tablet-3 elementor-grid-mobile-2 elementor-products-grid elementor-wc-products elementor-widget elementor-widget-woocommerce-products\" data-id=\"0b45ed7\" data-element_type=\"widget\" data-e-type=\"widget\" data-widget_type=\"woocommerce-products.default\">\n\t\t\t\t<div class=\"elementor-widget-container\">\n\t\t\t\t\t<div class=\"woocommerce columns-4 \">\r\n<ul class=\"products elementor-grid oceanwp-row clr grid tablet-col tablet-2-col mobile-col mobile-1-col\">\r\n<li class=\"entry has-product-nav col span_1_of_4 owp-content-center owp-thumbs-layout-horizontal owp-btn-normal owp-tabs-layout-horizontal has-no-thumbnails product type-product post-40 status-publish first instock product_cat-sem-categoria shipping-taxable purchasable product-type-simple\">\n\t<div class=\"product-inner clr\"><div class=\"woo-entry-image clr\"><img decoding=\"async\" src=\"https:\/\/www.catalogo.joylacos.store\/wp-content\/uploads\/woocommerce-placeholder-300x300.webp\" alt=\"Imagem do espa\u00e7o reservado\" class=\"woo-entry-image-main\" \/><\/div><ul class=\"woo-entry-inner clr\"><li class=\"image-wrap\"><div class=\"woo-entry-image clr\"><img decoding=\"async\" src=\"https:\/\/www.catalogo.joylacos.store\/wp-content\/uploads\/woocommerce-placeholder-300x300.webp\" alt=\"Imagem do espa\u00e7o reservado\" class=\"woo-entry-image-main\" \/><\/div><\/li><li class=\"category\"><a href=\"https:\/\/www.catalogo.joylacos.store\/index.php\/categoria-produto\/sem-categoria\/\" rel=\"tag\">Sem categoria<\/a><\/li><li class=\"title\"><h2><a href=\"https:\/\/www.catalogo.joylacos.store\/index.php\/produto\/lacinho-bela\/\">Lacinho Bela<\/a><\/h2><\/li><li class=\"price-wrap\">\n\t<span class=\"price\"><span class=\"woocommerce-Price-amount amount\"><bdi><span class=\"woocommerce-Price-currencySymbol\">&#82;&#36;<\/span>&nbsp;38,00<\/bdi><\/span><\/span>\n<\/li><li class=\"rating\"><\/li><li class=\"btn-wrap clr\"><a href=\"\/index.php\/wp-json\/wp\/v2\/pages\/14?add-to-cart=40\" aria-describedby=\"woocommerce_loop_add_to_cart_link_describedby_40\" data-quantity=\"1\" class=\"button product_type_simple add_to_cart_button ajax_add_to_cart\" data-product_id=\"40\" data-product_sku=\"\" aria-label=\"Adicione ao carrinho: &ldquo;Lacinho Bela&rdquo;\" rel=\"nofollow\" data-success_message=\"\u201cLacinho Bela\u201d foi adicionado ao seu carrinho\" role=\"button\">Adicionar ao carrinho<\/a>\t<span id=\"woocommerce_loop_add_to_cart_link_describedby_40\" class=\"screen-reader-text\">\n\t\t\t<\/span>\n<\/li><\/ul><\/div><!-- .product-inner .clr --><\/li>\n<li class=\"entry has-media has-product-nav col span_1_of_4 owp-content-center owp-thumbs-layout-horizontal owp-btn-normal owp-tabs-layout-horizontal has-no-thumbnails product type-product post-38 status-publish instock product_cat-sem-categoria has-post-thumbnail shipping-taxable purchasable product-type-simple\">\n\t<div class=\"product-inner clr\">\r\n\t<div class=\"woo-entry-image clr\">\r\n\t\t<a href=\"https:\/\/www.catalogo.joylacos.store\/index.php\/produto\/laco-encanto\/\" class=\"woocommerce-LoopProduct-link\"><img decoding=\"async\" width=\"300\" height=\"300\" src=\"https:\/\/www.catalogo.joylacos.store\/wp-content\/uploads\/2026\/04\/hq720-3-300x300.jpg\" class=\"woo-entry-image-main\" alt=\"La\u00e7o Encanto\" itemprop=\"image\" srcset=\"https:\/\/www.catalogo.joylacos.store\/wp-content\/uploads\/2026\/04\/hq720-3-300x300.jpg 300w, https:\/\/www.catalogo.joylacos.store\/wp-content\/uploads\/2026\/04\/hq720-3-100x100.jpg 100w, https:\/\/www.catalogo.joylacos.store\/wp-content\/uploads\/2026\/04\/hq720-3-150x150.jpg 150w\" sizes=\"(max-width: 300px) 100vw, 300px\" \/><\/a><a href=\"#\" id=\"product_id_38\" class=\"owp-quick-view\" data-product_id=\"38\" aria-label=\"Pr\u00e9-visualiza\u00e7\u00e3o r\u00e1pida do produto La\u00e7o Encanto\"><i class=\" icon-eye\" aria-hidden=\"true\" role=\"img\"><\/i> Visualiza\u00e7\u00e3o r\u00e1pida<\/a>\t<\/div><!-- .woo-entry-image -->\r\n\r\n<ul class=\"woo-entry-inner clr\"><li class=\"image-wrap\">\r\n\t<div class=\"woo-entry-image clr\">\r\n\t\t<a href=\"https:\/\/www.catalogo.joylacos.store\/index.php\/produto\/laco-encanto\/\" class=\"woocommerce-LoopProduct-link\"><img decoding=\"async\" width=\"300\" height=\"300\" src=\"https:\/\/www.catalogo.joylacos.store\/wp-content\/uploads\/2026\/04\/hq720-3-300x300.jpg\" class=\"woo-entry-image-main\" alt=\"La\u00e7o Encanto\" itemprop=\"image\" srcset=\"https:\/\/www.catalogo.joylacos.store\/wp-content\/uploads\/2026\/04\/hq720-3-300x300.jpg 300w, https:\/\/www.catalogo.joylacos.store\/wp-content\/uploads\/2026\/04\/hq720-3-100x100.jpg 100w, https:\/\/www.catalogo.joylacos.store\/wp-content\/uploads\/2026\/04\/hq720-3-150x150.jpg 150w\" sizes=\"(max-width: 300px) 100vw, 300px\" \/><\/a><a href=\"#\" id=\"product_id_38\" class=\"owp-quick-view\" data-product_id=\"38\" aria-label=\"Pr\u00e9-visualiza\u00e7\u00e3o r\u00e1pida do produto La\u00e7o Encanto\"><i class=\" icon-eye\" aria-hidden=\"true\" role=\"img\"><\/i> Visualiza\u00e7\u00e3o r\u00e1pida<\/a>\t<\/div><!-- .woo-entry-image -->\r\n\r\n<\/li><li class=\"category\"><a href=\"https:\/\/www.catalogo.joylacos.store\/index.php\/categoria-produto\/sem-categoria\/\" rel=\"tag\">Sem categoria<\/a><\/li><li class=\"title\"><h2><a href=\"https:\/\/www.catalogo.joylacos.store\/index.php\/produto\/laco-encanto\/\">La\u00e7o Encanto<\/a><\/h2><\/li><li class=\"price-wrap\">\n\t<span class=\"price\"><span class=\"woocommerce-Price-amount amount\"><bdi><span class=\"woocommerce-Price-currencySymbol\">&#82;&#36;<\/span>&nbsp;70,00<\/bdi><\/span><\/span>\n<\/li><li class=\"rating\"><\/li><li class=\"btn-wrap clr\"><a href=\"\/index.php\/wp-json\/wp\/v2\/pages\/14?add-to-cart=38\" aria-describedby=\"woocommerce_loop_add_to_cart_link_describedby_38\" data-quantity=\"1\" class=\"button product_type_simple add_to_cart_button ajax_add_to_cart\" data-product_id=\"38\" data-product_sku=\"\" aria-label=\"Adicione ao carrinho: &ldquo;La\u00e7o Encanto&rdquo;\" rel=\"nofollow\" data-success_message=\"\u201cLa\u00e7o Encanto\u201d foi adicionado ao seu carrinho\" role=\"button\">Adicionar ao carrinho<\/a>\t<span id=\"woocommerce_loop_add_to_cart_link_describedby_38\" class=\"screen-reader-text\">\n\t\t\t<\/span>\n<\/li><\/ul><\/div><!-- .product-inner .clr --><\/li>\n<li class=\"entry has-media has-product-nav col span_1_of_4 owp-content-center owp-thumbs-layout-horizontal owp-btn-normal owp-tabs-layout-horizontal has-no-thumbnails product type-product post-36 status-publish instock product_cat-sem-categoria has-post-thumbnail shipping-taxable purchasable product-type-simple\">\n\t<div class=\"product-inner clr\">\r\n\t<div class=\"woo-entry-image clr\">\r\n\t\t<a href=\"https:\/\/www.catalogo.joylacos.store\/index.php\/produto\/lacinho-de-verao\/\" class=\"woocommerce-LoopProduct-link\"><img decoding=\"async\" width=\"300\" height=\"300\" src=\"https:\/\/www.catalogo.joylacos.store\/wp-content\/uploads\/2026\/04\/maxresdefault-2-300x300.jpg\" class=\"woo-entry-image-main\" alt=\"Lacinho de Ver\u00e3o\" itemprop=\"image\" srcset=\"https:\/\/www.catalogo.joylacos.store\/wp-content\/uploads\/2026\/04\/maxresdefault-2-300x300.jpg 300w, https:\/\/www.catalogo.joylacos.store\/wp-content\/uploads\/2026\/04\/maxresdefault-2-100x100.jpg 100w, https:\/\/www.catalogo.joylacos.store\/wp-content\/uploads\/2026\/04\/maxresdefault-2-150x150.jpg 150w\" sizes=\"(max-width: 300px) 100vw, 300px\" \/><\/a><a href=\"#\" id=\"product_id_36\" class=\"owp-quick-view\" data-product_id=\"36\" aria-label=\"Pr\u00e9-visualiza\u00e7\u00e3o r\u00e1pida do produto Lacinho de Ver\u00e3o\"><i class=\" icon-eye\" aria-hidden=\"true\" role=\"img\"><\/i> Visualiza\u00e7\u00e3o r\u00e1pida<\/a>\t<\/div><!-- .woo-entry-image -->\r\n\r\n<ul class=\"woo-entry-inner clr\"><li class=\"image-wrap\">\r\n\t<div class=\"woo-entry-image clr\">\r\n\t\t<a href=\"https:\/\/www.catalogo.joylacos.store\/index.php\/produto\/lacinho-de-verao\/\" class=\"woocommerce-LoopProduct-link\"><img decoding=\"async\" width=\"300\" height=\"300\" src=\"https:\/\/www.catalogo.joylacos.store\/wp-content\/uploads\/2026\/04\/maxresdefault-2-300x300.jpg\" class=\"woo-entry-image-main\" alt=\"Lacinho de Ver\u00e3o\" itemprop=\"image\" srcset=\"https:\/\/www.catalogo.joylacos.store\/wp-content\/uploads\/2026\/04\/maxresdefault-2-300x300.jpg 300w, https:\/\/www.catalogo.joylacos.store\/wp-content\/uploads\/2026\/04\/maxresdefault-2-100x100.jpg 100w, https:\/\/www.catalogo.joylacos.store\/wp-content\/uploads\/2026\/04\/maxresdefault-2-150x150.jpg 150w\" sizes=\"(max-width: 300px) 100vw, 300px\" \/><\/a><a href=\"#\" id=\"product_id_36\" class=\"owp-quick-view\" data-product_id=\"36\" aria-label=\"Pr\u00e9-visualiza\u00e7\u00e3o r\u00e1pida do produto Lacinho de Ver\u00e3o\"><i class=\" icon-eye\" aria-hidden=\"true\" role=\"img\"><\/i> Visualiza\u00e7\u00e3o r\u00e1pida<\/a>\t<\/div><!-- .woo-entry-image -->\r\n\r\n<\/li><li class=\"category\"><a href=\"https:\/\/www.catalogo.joylacos.store\/index.php\/categoria-produto\/sem-categoria\/\" rel=\"tag\">Sem categoria<\/a><\/li><li class=\"title\"><h2><a href=\"https:\/\/www.catalogo.joylacos.store\/index.php\/produto\/lacinho-de-verao\/\">Lacinho de Ver\u00e3o<\/a><\/h2><\/li><li class=\"price-wrap\">\n\t<span class=\"price\"><span class=\"woocommerce-Price-amount amount\"><bdi><span class=\"woocommerce-Price-currencySymbol\">&#82;&#36;<\/span>&nbsp;30,00<\/bdi><\/span><\/span>\n<\/li><li class=\"rating\"><\/li><li class=\"btn-wrap clr\"><a href=\"\/index.php\/wp-json\/wp\/v2\/pages\/14?add-to-cart=36\" aria-describedby=\"woocommerce_loop_add_to_cart_link_describedby_36\" data-quantity=\"1\" class=\"button product_type_simple add_to_cart_button ajax_add_to_cart\" data-product_id=\"36\" data-product_sku=\"\" aria-label=\"Adicione ao carrinho: &ldquo;Lacinho de Ver\u00e3o&rdquo;\" rel=\"nofollow\" data-success_message=\"\u201cLacinho de Ver\u00e3o\u201d foi adicionado ao seu carrinho\" role=\"button\">Adicionar ao carrinho<\/a>\t<span id=\"woocommerce_loop_add_to_cart_link_describedby_36\" class=\"screen-reader-text\">\n\t\t\t<\/span>\n<\/li><\/ul><\/div><!-- .product-inner .clr --><\/li>\n<li class=\"entry has-media has-product-nav col span_1_of_4 owp-content-center owp-thumbs-layout-horizontal owp-btn-normal owp-tabs-layout-horizontal has-no-thumbnails product type-product post-34 status-publish last instock product_cat-sem-categoria has-post-thumbnail shipping-taxable purchasable product-type-simple\">\n\t<div class=\"product-inner clr\">\r\n\t<div class=\"woo-entry-image clr\">\r\n\t\t<a href=\"https:\/\/www.catalogo.joylacos.store\/index.php\/produto\/laciho-carinhoso\/\" class=\"woocommerce-LoopProduct-link\"><img loading=\"lazy\" decoding=\"async\" width=\"300\" height=\"300\" src=\"https:\/\/www.catalogo.joylacos.store\/wp-content\/uploads\/2026\/04\/festas-1-300x300.webp\" class=\"woo-entry-image-main\" alt=\"Laciho Carinhoso\" itemprop=\"image\" srcset=\"https:\/\/www.catalogo.joylacos.store\/wp-content\/uploads\/2026\/04\/festas-1-300x300.webp 300w, https:\/\/www.catalogo.joylacos.store\/wp-content\/uploads\/2026\/04\/festas-1-100x100.webp 100w, https:\/\/www.catalogo.joylacos.store\/wp-content\/uploads\/2026\/04\/festas-1-150x150.webp 150w\" sizes=\"(max-width: 300px) 100vw, 300px\" \/><\/a><a href=\"#\" id=\"product_id_34\" class=\"owp-quick-view\" data-product_id=\"34\" aria-label=\"Pr\u00e9-visualiza\u00e7\u00e3o r\u00e1pida do produto Laciho Carinhoso\"><i class=\" icon-eye\" aria-hidden=\"true\" role=\"img\"><\/i> Visualiza\u00e7\u00e3o r\u00e1pida<\/a>\t<\/div><!-- .woo-entry-image -->\r\n\r\n<ul class=\"woo-entry-inner clr\"><li class=\"image-wrap\">\r\n\t<div class=\"woo-entry-image clr\">\r\n\t\t<a href=\"https:\/\/www.catalogo.joylacos.store\/index.php\/produto\/laciho-carinhoso\/\" class=\"woocommerce-LoopProduct-link\"><img loading=\"lazy\" decoding=\"async\" width=\"300\" height=\"300\" src=\"https:\/\/www.catalogo.joylacos.store\/wp-content\/uploads\/2026\/04\/festas-1-300x300.webp\" class=\"woo-entry-image-main\" alt=\"Laciho Carinhoso\" itemprop=\"image\" srcset=\"https:\/\/www.catalogo.joylacos.store\/wp-content\/uploads\/2026\/04\/festas-1-300x300.webp 300w, https:\/\/www.catalogo.joylacos.store\/wp-content\/uploads\/2026\/04\/festas-1-100x100.webp 100w, https:\/\/www.catalogo.joylacos.store\/wp-content\/uploads\/2026\/04\/festas-1-150x150.webp 150w\" sizes=\"(max-width: 300px) 100vw, 300px\" \/><\/a><a href=\"#\" id=\"product_id_34\" class=\"owp-quick-view\" data-product_id=\"34\" aria-label=\"Pr\u00e9-visualiza\u00e7\u00e3o r\u00e1pida do produto Laciho Carinhoso\"><i class=\" icon-eye\" aria-hidden=\"true\" role=\"img\"><\/i> Visualiza\u00e7\u00e3o r\u00e1pida<\/a>\t<\/div><!-- .woo-entry-image -->\r\n\r\n<\/li><li class=\"category\"><a href=\"https:\/\/www.catalogo.joylacos.store\/index.php\/categoria-produto\/sem-categoria\/\" rel=\"tag\">Sem categoria<\/a><\/li><li class=\"title\"><h2><a href=\"https:\/\/www.catalogo.joylacos.store\/index.php\/produto\/laciho-carinhoso\/\">Laciho Carinhoso<\/a><\/h2><\/li><li class=\"price-wrap\">\n\t<span class=\"price\"><span class=\"woocommerce-Price-amount amount\"><bdi><span class=\"woocommerce-Price-currencySymbol\">&#82;&#36;<\/span>&nbsp;35,00<\/bdi><\/span><\/span>\n<\/li><li class=\"rating\"><\/li><li class=\"btn-wrap clr\"><a href=\"\/index.php\/wp-json\/wp\/v2\/pages\/14?add-to-cart=34\" aria-describedby=\"woocommerce_loop_add_to_cart_link_describedby_34\" data-quantity=\"1\" class=\"button product_type_simple add_to_cart_button ajax_add_to_cart\" data-product_id=\"34\" data-product_sku=\"\" aria-label=\"Adicione ao carrinho: &ldquo;Laciho Carinhoso&rdquo;\" rel=\"nofollow\" data-success_message=\"\u201cLaciho Carinhoso\u201d foi adicionado ao seu carrinho\" role=\"button\">Adicionar ao carrinho<\/a>\t<span id=\"woocommerce_loop_add_to_cart_link_describedby_34\" class=\"screen-reader-text\">\n\t\t\t<\/span>\n<\/li><\/ul><\/div><!-- .product-inner .clr --><\/li>\n<\/ul>\n<\/div>\t\t\t\t<\/div>\n\t\t\t\t<\/div>\n\t\t\t\t\t<\/div>\n\t\t\t\t<\/div>\n\t\t\t\t<\/div>\n\t\t","protected":false},"excerpt":{"rendered":"<p>Search Nossos Produtos<\/p>\n","protected":false},"author":1,"featured_media":0,"parent":0,"menu_order":0,"comment_status":"closed","ping_status":"closed","template":"elementor_canvas","meta":{"footnotes":""},"class_list":["post-14","page","type-page","status-publish","hentry","entry","owp-thumbs-layout-horizontal","owp-btn-normal","owp-tabs-layout-horizontal","has-no-thumbnails","has-product-nav"],"_links":{"self":[{"href":"https:\/\/www.catalogo.joylacos.store\/index.php\/wp-json\/wp\/v2\/pages\/14","targetHints":{"allow":["GET"]}}],"collection":[{"href":"https:\/\/www.catalogo.joylacos.store\/index.php\/wp-json\/wp\/v2\/pages"}],"about":[{"href":"https:\/\/www.catalogo.joylacos.store\/index.php\/wp-json\/wp\/v2\/types\/page"}],"author":[{"embeddable":true,"href":"https:\/\/www.catalogo.joylacos.store\/index.php\/wp-json\/wp\/v2\/users\/1"}],"replies":[{"embeddable":true,"href":"https:\/\/www.catalogo.joylacos.store\/index.php\/wp-json\/wp\/v2\/comments?post=14"}],"version-history":[{"count":28,"href":"https:\/\/www.catalogo.joylacos.store\/index.php\/wp-json\/wp\/v2\/pages\/14\/revisions"}],"predecessor-version":[{"id":58,"href":"https:\/\/www.catalogo.joylacos.store\/index.php\/wp-json\/wp\/v2\/pages\/14\/revisions\/58"}],"wp:attachment":[{"href":"https:\/\/www.catalogo.joylacos.store\/index.php\/wp-json\/wp\/v2\/media?parent=14"}],"curies":[{"name":"wp","href":"https:\/\/api.w.org\/{rel}","templated":true}]}}